{"id":2340,"date":"2020-12-04T12:37:02","date_gmt":"2020-12-04T15:37:02","guid":{"rendered":"https:\/\/www.encontramaua.com.br\/noticias\/?page_id=2340"},"modified":"2021-05-31T10:50:07","modified_gmt":"2021-05-31T13:50:07","slug":"sobre-maua","status":"publish","type":"page","link":"https:\/\/www.encontramaua.com.br\/sobre\/","title":{"rendered":"Sobre Mau\u00e1"},"content":{"rendered":"\n<div style=\"text-align: center;\"><a href=\"http:\/\/www.encontramaua.com.br\/sobre\/noticias-em-maua\"><img decoding=\"async\" class=\"alignnone\" style=\"width: 100%; max-width: 468px; height: auto; margin: 0 auto; display: block;\" src=\"http:\/\/feeds.feedburner.com\/encontramaua.gif?w=1&amp;c=1&amp;bb=Wm2c\" alt=\"Blog do Guia da Cidade de Mau\u00e1\" \/><\/a><\/p>\n<form style=\"border: 0; padding: 0px;\" action=\"http:\/\/feedburner.google.com\/fb\/a\/mailverify\" method=\"post\" target=\"popupwindow\"><span class=\"style3\">Receba not\u00edcias por e-mail<\/span><br \/>\n<img decoding=\"async\" loading=\"lazy\" src=\"http:\/\/www.encontramaua.com.br\/imgs\/email.gif\" width=\"14\" height=\"11\" \/><span class=\"style8\"> Cadastre-se e receba este blog por email<\/span><br \/>\n<input class=\"caixaemail\" style=\"width: 237px;\" name=\"email\" type=\"text\" value=\"digite seu e-mail...\" \/>\u00a0<input type=\"submit\" value=\"Assinar\" \/><br \/>\n<input name=\"uri\" type=\"hidden\" value=\"encontramaua\" \/><input name=\"loc\" type=\"hidden\" value=\"pt_BR\" \/><\/form>\n<\/div>\n<h2>Cidades de S\u00e3o Paulo: Limites &#8211; Cidades Vizinhas<\/h2>\n<p><a href=\"http:\/\/www.encontrasaopaulo.com.br\/\" target=\"_blank\" rel=\"noopener noreferrer\">S\u00e3o Paulo<\/a>, <a href=\"http:\/\/www.encontraferrazvasconcelos.com.br\/\" target=\"_blank\" rel=\"noopener noreferrer\">Ferraz de Vasconcelos<\/a>, <a href=\"http:\/\/www.encontraribeiraopires.com.br\/\" target=\"_blank\" rel=\"noopener noreferrer\">Ribeir\u00e3o Pires<\/a>, <a href=\"http:\/\/www.encontrasantoandre.com.br\/\" target=\"_blank\" rel=\"noopener noreferrer\">Santo Andr\u00e9<\/a><\/p>\n<h2>Dados Principais sobre Mau\u00e1<\/h2>\n<p><img decoding=\"async\" loading=\"lazy\" class=\"alignright size-full wp-image-2341\" src=\"https:\/\/www.encontramaua.com.br\/sobre\/wp-content\/uploads\/brasao-maua.jpg\" alt=\"\" width=\"104\" height=\"119\" \/> <img decoding=\"async\" loading=\"lazy\" class=\"alignright size-full wp-image-2342\" src=\"https:\/\/www.encontramaua.com.br\/sobre\/wp-content\/uploads\/bandeira-maua.jpg\" alt=\"\" width=\"145\" height=\"93\" \/><br \/>\n<strong>Anivers\u00e1rio:<\/strong> 8 de dezembro<br \/>\n<strong>Funda\u00e7\u00e3o:<\/strong> 1954<br \/>\n<strong>Gent\u00edlico:<\/strong> Mauaense<br \/>\n<b>\u00c1rea:<\/b> 62.293 Km\u00b2<br \/>\n<strong>Popula\u00e7\u00e3o:<\/strong> 468.148 hab. (2017)<br \/>\n<strong>IDH<\/strong> 0,766 &#8211; m\u00e9dio<br \/>\n<a href=\"https:\/\/www.prefeiturademaua.org\/\" target=\"_blank\" rel=\"noopener noreferrer\"><strong>Prefeitura<\/strong> Mau\u00e1<\/a><\/p>\n<h2>V\u00eddeo sobre a cidade de Mau\u00e1<\/h2>\n<p><iframe loading=\"lazy\" title=\"Video sobre a Cidade de Mau\u00e1\" src=\"https:\/\/www.youtube.com\/embed\/Q4q2aaHZ21U?rel=0\" width=\"100%\" height=\"285\" frameborder=\"0\" allowfullscreen=\"allowfullscreen\"><span data-mce-type=\"bookmark\" style=\"display: inline-block; width: 0px; overflow: hidden; line-height: 0;\" class=\"mce_SELRES_start\">\ufeff<\/span><\/iframe><\/p>\n<h2>Mapa de Mau\u00e1<\/h2>\n<p><iframe loading=\"lazy\" src=\"http:\/\/maps.google.com.br\/maps?f=q&amp;source=s_q&amp;hl=pt-BR&amp;geocode=&amp;q=Mau%C3%A1+-+S%C3%A3o+Paulo&amp;sll=-14.179186,-50.449219&amp;sspn=73.631448,113.027344&amp;ie=UTF8&amp;hq=&amp;hnear=Mau%C3%A1+-+S%C3%A3o+Paulo&amp;ll=-23.662843,-46.468563&amp;spn=0.027515,0.047636&amp;z=14&amp;iwloc=A&amp;output=embed\" width=\"100%\" height=\"350\" frameborder=\"0\" marginwidth=\"0\" marginheight=\"0\" scrolling=\"no\"><span data-mce-type=\"bookmark\" style=\"display: inline-block; width: 0px; overflow: hidden; line-height: 0;\" class=\"mce_SELRES_start\">\ufeff<\/span><\/iframe><\/p>\n<h2>Hist\u00f3ria de Mau\u00e1<\/h2>\n<p><img decoding=\"async\" loading=\"lazy\" class=\"aligncenter size-medium wp-image-2345\" src=\"https:\/\/www.encontramaua.com.br\/sobre\/wp-content\/uploads\/cidade-maua.png\" alt=\"\" width=\"100%\" height=\"auto\" srcset=\"https:\/\/www.encontramaua.com.br\/sobre\/wp-content\/uploads\/cidade-maua.png 738w, https:\/\/www.encontramaua.com.br\/sobre\/wp-content\/uploads\/cidade-maua-300x105.png 300w\" sizes=\"(max-width: 738px) 100vw, 738px\" \/><br \/>\n<a href=\"http:\/\/www.encontramaua.com.br\/\">Mau\u00e1<\/a> \u00e9 um munic\u00edpio do estado de S\u00e3o Paulo, da Regi\u00e3o Metropolitana de S\u00e3o Paulo, pertencente \u00e0 regi\u00e3o do ABC Paulista. A densidade demogr\u00e1fica \u00e9 de 6.463,7 hab\/km\u00b2. Por\u00e9m, a densidade urbana \u00e9 bem maior, j\u00e1 que um ter\u00e7o do munic\u00edpio \u00e9 \u00e1rea industrial e 10% pertence \u00e0 \u00e1rea rural e ao Parque Estadual da Serra do Mar. \u00c9 o 23\u00b0 munic\u00edpio do estado em PIB e o 11\u00ba em popula\u00e7\u00e3o, com 417.458 habitantes. A <a href=\"http:\/\/www.encontramaua.com.br\/\">Cidade Mau\u00e1<\/a> est\u00e1 entre as 50 cidades mais populosas de todo o Brasil.<\/p>\n<h3>Clima<\/h3>\n<p>O munic\u00edpio localiza-se a 818 metros acima do n\u00edvel do mar, no limite entre a serra do mar e o planalto. Em decorr\u00eancia disso o clima da cidade \u00e9 considerado subtropical, com temperatura m\u00e9dia durante o ano em torno dos 18\u00b0C, raramente ultrapassando os 30\u00b0C no ver\u00e3o. No inverno a m\u00e9dia \u00e9 de 14\u00b0C.<\/p>\n<h3>Relevo<\/h3>\n<p>A paisagem mauaense \u00e9 dominada pela forma\u00e7\u00e3o de morros e picos \u00edngremes, t\u00edpicos da Serra do Mar e por profundos vales alagadi\u00e7os, hoje na grande maioria aterrados e ocupados de forma desordenada, o qu\u00ea justifica a alta incid\u00eancia de enchentes. Somente a regi\u00e3o do vale do Rio Tamanduate\u00ed no bairro Capuava \u00e9 tipicamente plana. Relatos hist\u00f3ricos descrevem o local como sendo onde os primeiros bandeirantes, vindos de S\u00e3o Vicente avistaram o planalto paulista e deram \u00e1 regi\u00e3o o nome de Borda do Campo, por fazer transi\u00e7\u00e3o entre a Serra do Mar e o Planalto Paulista. O ponto mais alto da cidade \u00e9 o Morro Pelado, com 867 metros de altitude (o terceiro mais alto da Grande S\u00e3o Paulo), por\u00e9m, a cidade \u00e9, em m\u00e9dia a mais alta da regi\u00e3o metropolitana, devido \u00e1 car\u00eancia de \u00e1reas planas.<\/p>\n<h3>Hidrografia<\/h3>\n<p>A cidade tem como caracter\u00edstica hidrogr\u00e1fica especial n\u00e3o ser cortada por nenhum curso d&#8217;\u00e1gua proveniente de outro munic\u00edpio, visto que, devido a altitude elevada, todos os cursos d\u00b4\u00e1gua que cortam o territ\u00f3rio de <a href=\"http:\/\/www.encontramaua.com.br\/\">Mau\u00e1<\/a>, nascem na cidade. No munic\u00edpio nasce o Rio Tamanduate\u00ed, o terceiro maior afluente do Rio Tiet\u00ea na Grande S\u00e3o Paulo e ainda o Rio do Orat\u00f3rio e os rios Pinheirinho e Guai\u00f3. Os cursos d\u00b4\u00e1gua mais importantes em trecho urbano s\u00e3o o C\u00f3rrego Tabo\u00e3o, o C\u00f3rrego Corumb\u00e9 e o C\u00f3rrego Capit\u00e3o Jo\u00e3o (sob o qual est\u00e1 a Pra\u00e7a XXII de Novembro). Devido \u00e1 ocupa\u00e7\u00e3o desordenada das v\u00e1rzeas, muitos trechos antes alagadi\u00e7os que funcionavam como absorvedores do excesso de \u00e1gua das chuvas foram aterrados e a cidade tem v\u00e1rios pontos sob forte risco de enchentes. A situa\u00e7\u00e3o foi amenizada com a constru\u00e7\u00e3o de quatro piscin\u00f5es pelo governo do Estado em parceria com a Prefeitura entre os anos de 1998 e 2002. Um no Parque do Pa\u00e7o para o C\u00f3rrego Tabo\u00e3o, um no Jardim Za\u00edra para o C\u00f3rrego Corumb\u00e9, um no Jardim S\u00f4nia Maria para o Rio Orat\u00f3rio e um no Bairro Capuava, para o pr\u00f3prio Rio Tamanduate\u00ed (este \u00faltimo \u00e9 o maior da Am\u00e9rica Latina), por\u00e9m, devido \u00e1 falta de manuten\u00e7\u00e3o, o excesso de lixo e assoreamento os piscin\u00f5es n\u00e3o conseguem conter com efici\u00eancia total o risco de enchentes.<br \/>\nAl\u00e9m da ocupa\u00e7\u00e3o desordenada, a falta de redes de esgoto e de tratamento de res\u00edduos faz com que os cursos d\u00b4\u00e1gua urbanos da cidade estejam completamente polu\u00eddos.<\/p>\n<h3>Vegeta\u00e7\u00e3o<\/h3>\n<p>A cidade, devido \u00e1 grande varia\u00e7\u00e3o de altitude possui um vasto espectro de paisagens naturais, embora grande parte tenha sido transformada pela ocupa\u00e7\u00e3o humana. As encostas dos morros eram originalmente ocupadas por uma exuberante vegeta\u00e7\u00e3o de Mata Atl\u00e2ntica, embora, j\u00e1 misturada com esp\u00e9cies do Planalto Paulista e com arauc\u00e1rias t\u00edpicas do clima de altitude. Na cidade, as \u00e1reas de mata Atl\u00e2ntica mais preservadas s\u00e3o as \u00e1reas de mananciais, o Tanque da Paulista, o Parque Ecol\u00f3gico Santa Luzia e as encostas do Guaraciaba. As v\u00e1rzeas eram de modo geral cobertas por juncos e taboas, plantas t\u00edpicas de \u00e1reas alagadi\u00e7as e pantanosas. Atualmente, apenas o C\u00f3rrego Tabo\u00e3o possui vegeta\u00e7\u00e3o original em ambiente urbano, mas, dever\u00e1 perder boa parte dela, devido as obras de retifica\u00e7\u00e3o para a liga\u00e7\u00e3o com o <a href=\"http:\/\/www.rodoanel.org\/\" target=\"_blank\" rel=\"noopener noreferrer\">Rodoanel<\/a>. Os vales dos rios Guai\u00f3 e Pinheirinho na regi\u00e3o de Cappburgo est\u00e3o ainda com essa vegeta\u00e7\u00e3o, apesar da crescente faveliza\u00e7\u00e3o local. Os picos dos morros, principalmente os mais elevados eram cobertos por gram\u00edneas e vegeta\u00e7\u00f5es ralas, atualmente, o maior representante \u00e9 o Morro Pelado, que leva esse nome pela vegeta\u00e7\u00e3o muito baixa que o cobre.<\/p>\n<p>Para homenagear a comunidade de moradores desta maravilhosa cidade, o <a href=\"http:\/\/www.encontrasaopaulo.com.br\/\" target=\"_blank\" rel=\"noopener noreferrer\">Encontra S\u00e3o Paulo<\/a> criou o <a href=\"http:\/\/www.encontramaua.com.br\/\">Encontra Mau\u00e1<\/a>.<br \/>\n<ins class=\"adsbygoogle\"\n     style=\"display:block\"\n     data-ad-format=\"autorelaxed\"\n     data-ad-client=\"ca-pub-7321736592693252\"\n     data-ad-slot=\"4604212074\"><\/ins><br \/>\n<script>\n     (adsbygoogle = window.adsbygoogle || []).push({});\n<\/script><\/p>\n\n<div style=\"font-size: 0px; height: 0px; line-height: 0px; margin: 0; padding: 0; clear: both;\"><\/div>","protected":false},"excerpt":{"rendered":"<p>Receba not\u00edcias por e-mail Cadastre-se e receba este blog por email \u00a0 Cidades de S\u00e3o Paulo: Limites &#8211; Cidades Vizinhas S\u00e3o Paulo, Ferraz de Vasconcelos, Ribeir\u00e3o Pires, Santo Andr\u00e9 Dados Principais sobre Mau\u00e1 Anivers\u00e1rio: 8 de dezembro Funda\u00e7\u00e3o: 1954 Gent\u00edlico: Mauaense \u00c1rea: 62.293 Km\u00b2 Popula\u00e7\u00e3o: 468.148 hab. (2017) IDH 0,766 &#8211; m\u00e9dio Prefeitura Mau\u00e1 V\u00eddeo sobre a cidade de Mau\u00e1 \ufeff Mapa de Mau\u00e1 \ufeff Hist\u00f3ria de Mau\u00e1 Mau\u00e1 \u00e9 um munic\u00edpio do estado de S\u00e3o Paulo, da Regi\u00e3o Metropolitana de S\u00e3o Paulo, pertencente \u00e0 regi\u00e3o do ABC Paulista. A densidade demogr\u00e1fica \u00e9 de 6.463,7 hab\/km\u00b2. Por\u00e9m, a densidade urbana <\/p>\n","protected":false},"author":1,"featured_media":0,"parent":0,"menu_order":0,"comment_status":"closed","ping_status":"closed","template":"","meta":[],"yoast_head":"<!-- This site is optimized with the Yoast SEO plugin v20.1 - https:\/\/yoast.com\/wordpress\/plugins\/seo\/ -->\n<title>Sobre Mau\u00e1 - Encontra Mau\u00e1<\/title>\n<meta name=\"robots\" content=\"index, follow, max-snippet:-1, max-image-preview:large, max-video-preview:-1\" \/>\n<link rel=\"canonical\" href=\"https:\/\/www.encontramaua.com.br\/sobre\/\" \/>\n<meta property=\"og:locale\" content=\"pt_BR\" \/>\n<meta property=\"og:type\" content=\"article\" \/>\n<meta property=\"og:title\" content=\"Sobre Mau\u00e1 - Encontra Mau\u00e1\" \/>\n<meta property=\"og:description\" content=\"Receba not\u00edcias por e-mail Cadastre-se e receba este blog por email \u00a0 Cidades de S\u00e3o Paulo: Limites &#8211; Cidades Vizinhas S\u00e3o Paulo, Ferraz de Vasconcelos, Ribeir\u00e3o Pires, Santo Andr\u00e9 Dados Principais sobre Mau\u00e1 Anivers\u00e1rio: 8 de dezembro Funda\u00e7\u00e3o: 1954 Gent\u00edlico: Mauaense \u00c1rea: 62.293 Km\u00b2 Popula\u00e7\u00e3o: 468.148 hab. (2017) IDH 0,766 &#8211; m\u00e9dio Prefeitura Mau\u00e1 V\u00eddeo sobre a cidade de Mau\u00e1 \ufeff Mapa de Mau\u00e1 \ufeff Hist\u00f3ria de Mau\u00e1 Mau\u00e1 \u00e9 um munic\u00edpio do estado de S\u00e3o Paulo, da Regi\u00e3o Metropolitana de S\u00e3o Paulo, pertencente \u00e0 regi\u00e3o do ABC Paulista. A densidade demogr\u00e1fica \u00e9 de 6.463,7 hab\/km\u00b2. Por\u00e9m, a densidade urbana\" \/>\n<meta property=\"og:url\" content=\"https:\/\/www.encontramaua.com.br\/sobre\/\" \/>\n<meta property=\"og:site_name\" content=\"Encontra Mau\u00e1\" \/>\n<meta property=\"article:modified_time\" content=\"2021-05-31T13:50:07+00:00\" \/>\n<meta property=\"og:image\" content=\"http:\/\/feeds.feedburner.com\/encontramaua.gif?w=1&amp;c=1&amp;bb=Wm2c\" \/>\n<meta name=\"twitter:card\" content=\"summary_large_image\" \/>\n<meta name=\"twitter:label1\" content=\"Est. tempo de leitura\" \/>\n\t<meta name=\"twitter:data1\" content=\"4 minutos\" \/>\n<script type=\"application\/ld+json\" class=\"yoast-schema-graph\">{\"@context\":\"https:\/\/schema.org\",\"@graph\":[{\"@type\":\"WebPage\",\"@id\":\"https:\/\/www.encontramaua.com.br\/sobre\/\",\"url\":\"https:\/\/www.encontramaua.com.br\/sobre\/\",\"name\":\"Sobre Mau\u00e1 - Encontra Mau\u00e1\",\"isPartOf\":{\"@id\":\"https:\/\/www.encontramaua.com.br\/sobre\/#website\"},\"datePublished\":\"2020-12-04T15:37:02+00:00\",\"dateModified\":\"2021-05-31T13:50:07+00:00\",\"breadcrumb\":{\"@id\":\"https:\/\/www.encontramaua.com.br\/sobre\/#breadcrumb\"},\"inLanguage\":\"pt-BR\",\"potentialAction\":[{\"@type\":\"ReadAction\",\"target\":[\"https:\/\/www.encontramaua.com.br\/sobre\/\"]}]},{\"@type\":\"BreadcrumbList\",\"@id\":\"https:\/\/www.encontramaua.com.br\/sobre\/#breadcrumb\",\"itemListElement\":[{\"@type\":\"ListItem\",\"position\":1,\"name\":\"In\u00edcio\",\"item\":\"https:\/\/www.encontramaua.com.br\/sobre\/\"},{\"@type\":\"ListItem\",\"position\":2,\"name\":\"Sobre Mau\u00e1\"}]},{\"@type\":\"WebSite\",\"@id\":\"https:\/\/www.encontramaua.com.br\/sobre\/#website\",\"url\":\"https:\/\/www.encontramaua.com.br\/sobre\/\",\"name\":\"Encontra Mau\u00e1\",\"description\":\"Not\u00edcias, eventos, informa\u00e7\u00f5es e dicas na cidade de Mau\u00e1 e regi\u00e3o\",\"potentialAction\":[{\"@type\":\"SearchAction\",\"target\":{\"@type\":\"EntryPoint\",\"urlTemplate\":\"https:\/\/www.encontramaua.com.br\/sobre\/?s={search_term_string}\"},\"query-input\":\"required name=search_term_string\"}],\"inLanguage\":\"pt-BR\"}]}<\/script>\n<!-- \/ Yoast SEO plugin. -->","yoast_head_json":{"title":"Sobre Mau\u00e1 - Encontra Mau\u00e1","robots":{"index":"index","follow":"follow","max-snippet":"max-snippet:-1","max-image-preview":"max-image-preview:large","max-video-preview":"max-video-preview:-1"},"canonical":"https:\/\/www.encontramaua.com.br\/sobre\/","og_locale":"pt_BR","og_type":"article","og_title":"Sobre Mau\u00e1 - Encontra Mau\u00e1","og_description":"Receba not\u00edcias por e-mail Cadastre-se e receba este blog por email \u00a0 Cidades de S\u00e3o Paulo: Limites &#8211; Cidades Vizinhas S\u00e3o Paulo, Ferraz de Vasconcelos, Ribeir\u00e3o Pires, Santo Andr\u00e9 Dados Principais sobre Mau\u00e1 Anivers\u00e1rio: 8 de dezembro Funda\u00e7\u00e3o: 1954 Gent\u00edlico: Mauaense \u00c1rea: 62.293 Km\u00b2 Popula\u00e7\u00e3o: 468.148 hab. (2017) IDH 0,766 &#8211; m\u00e9dio Prefeitura Mau\u00e1 V\u00eddeo sobre a cidade de Mau\u00e1 \ufeff Mapa de Mau\u00e1 \ufeff Hist\u00f3ria de Mau\u00e1 Mau\u00e1 \u00e9 um munic\u00edpio do estado de S\u00e3o Paulo, da Regi\u00e3o Metropolitana de S\u00e3o Paulo, pertencente \u00e0 regi\u00e3o do ABC Paulista. A densidade demogr\u00e1fica \u00e9 de 6.463,7 hab\/km\u00b2. Por\u00e9m, a densidade urbana","og_url":"https:\/\/www.encontramaua.com.br\/sobre\/","og_site_name":"Encontra Mau\u00e1","article_modified_time":"2021-05-31T13:50:07+00:00","og_image":[{"url":"http:\/\/feeds.feedburner.com\/encontramaua.gif?w=1&amp;c=1&amp;bb=Wm2c"}],"twitter_card":"summary_large_image","twitter_misc":{"Est. tempo de leitura":"4 minutos"},"schema":{"@context":"https:\/\/schema.org","@graph":[{"@type":"WebPage","@id":"https:\/\/www.encontramaua.com.br\/sobre\/","url":"https:\/\/www.encontramaua.com.br\/sobre\/","name":"Sobre Mau\u00e1 - Encontra Mau\u00e1","isPartOf":{"@id":"https:\/\/www.encontramaua.com.br\/sobre\/#website"},"datePublished":"2020-12-04T15:37:02+00:00","dateModified":"2021-05-31T13:50:07+00:00","breadcrumb":{"@id":"https:\/\/www.encontramaua.com.br\/sobre\/#breadcrumb"},"inLanguage":"pt-BR","potentialAction":[{"@type":"ReadAction","target":["https:\/\/www.encontramaua.com.br\/sobre\/"]}]},{"@type":"BreadcrumbList","@id":"https:\/\/www.encontramaua.com.br\/sobre\/#breadcrumb","itemListElement":[{"@type":"ListItem","position":1,"name":"In\u00edcio","item":"https:\/\/www.encontramaua.com.br\/sobre\/"},{"@type":"ListItem","position":2,"name":"Sobre Mau\u00e1"}]},{"@type":"WebSite","@id":"https:\/\/www.encontramaua.com.br\/sobre\/#website","url":"https:\/\/www.encontramaua.com.br\/sobre\/","name":"Encontra Mau\u00e1","description":"Not\u00edcias, eventos, informa\u00e7\u00f5es e dicas na cidade de Mau\u00e1 e regi\u00e3o","potentialAction":[{"@type":"SearchAction","target":{"@type":"EntryPoint","urlTemplate":"https:\/\/www.encontramaua.com.br\/sobre\/?s={search_term_string}"},"query-input":"required name=search_term_string"}],"inLanguage":"pt-BR"}]}},"_links":{"self":[{"href":"https:\/\/www.encontramaua.com.br\/sobre\/wp-json\/wp\/v2\/pages\/2340"}],"collection":[{"href":"https:\/\/www.encontramaua.com.br\/sobre\/wp-json\/wp\/v2\/pages"}],"about":[{"href":"https:\/\/www.encontramaua.com.br\/sobre\/wp-json\/wp\/v2\/types\/page"}],"author":[{"embeddable":true,"href":"https:\/\/www.encontramaua.com.br\/sobre\/wp-json\/wp\/v2\/users\/1"}],"replies":[{"embeddable":true,"href":"https:\/\/www.encontramaua.com.br\/sobre\/wp-json\/wp\/v2\/comments?post=2340"}],"version-history":[{"count":0,"href":"https:\/\/www.encontramaua.com.br\/sobre\/wp-json\/wp\/v2\/pages\/2340\/revisions"}],"wp:attachment":[{"href":"https:\/\/www.encontramaua.com.br\/sobre\/wp-json\/wp\/v2\/media?parent=2340"}],"curies":[{"name":"wp","href":"https:\/\/api.w.org\/{rel}","templated":true}]}}